{"id":510,"date":"2024-10-08T08:55:11","date_gmt":"2024-10-08T08:55:11","guid":{"rendered":"https:\/\/blissful-davinci.92-205-237-139.plesk.page\/mulden\/"},"modified":"2025-12-17T10:49:43","modified_gmt":"2025-12-17T10:49:43","slug":"mulden","status":"publish","type":"page","link":"https:\/\/surer.ch\/fr\/mulden\/","title":{"rendered":"Mulden"},"content":{"rendered":"<div id=\"pl-510\"  class=\"panel-layout\" ><div id=\"pg-510-0\"  class=\"panel-grid panel-has-style\" ><div class=\"content-section light animate panel-row-style panel-row-style-for-510-0\" id=\"sub-hero\" ><div id=\"pgc-510-0-0\"  class=\"panel-grid-cell\" ><div id=\"panel-510-0-0-0\" class=\"widget_text so-panel widget widget_custom_html panel-first-child\" data-index=\"0\" ><div class=\"textwidget custom-html-widget\"><span id=\"mulden-a-la-cart\"><\/span><\/div><\/div><div id=\"panel-510-0-0-1\" class=\"so-panel widget widget_sow-editor panel-last-child\" data-index=\"1\" ><div class=\"small-text panel-widget-style panel-widget-style-for-510-0-0-1\" ><div\n\t\t\t\n\t\t\tclass=\"so-widget-sow-editor so-widget-sow-editor-base\"\n\t\t\t\n\t\t>\n<div class=\"siteorigin-widget-tinymce textwidget\">\n\t<h1>Bennes<br \/>\n\u00e0 la carte.<\/h1>\n<p>Nous sommes les sp\u00e9cialistes des bennes ! La flexibilit\u00e9 et la proximit\u00e9 avec nos clients sont au c\u0153ur de nos pr\u00e9occupations. Il n'y a pratiquement rien que \u00ab Surer \u00bb ne livre ou n'\u00e9limine. Notre concept est simple \u2013 vous commandez, nous livrons, nous venons chercher et nous nous occupons de l'\u00e9limination dans les r\u00e8gles de l'art.<\/p>\n<h4>Croyez-nous sur parole \u2013 nous vous conseillons \u00e0 tout moment avec comp\u00e9tence et rapidit\u00e9.<\/h4>\n<p><a class=\"big-more-btn\" href=\"\/fr\/contact\">Prendre rendez-vous pour une consultation<\/a> <a class=\"big-more-btn\" href=\"\/mulde-bestellen\">Commander une benne<\/a><\/p>\n<\/div>\n<\/div><\/div><\/div><\/div><\/div><\/div><div id=\"pg-510-1\"  class=\"panel-grid panel-no-style\" ><div id=\"pgc-510-1-0\"  class=\"panel-grid-cell\" ><div id=\"panel-510-1-0-0\" class=\"so-panel widget widget_siteorigin-panels-builder panel-first-child panel-last-child\" data-index=\"2\" ><div class=\"mulden panel-widget-style panel-widget-style-for-510-1-0-0\" id=\"scroll-horizontal\" ><div id=\"pl-w693c21b9349bb\"  class=\"panel-layout\" ><div id=\"pg-w693c21b9349bb-0\"  class=\"panel-grid panel-has-style\" ><div class=\"counter panel-row-style panel-row-style-for-w693c21b9349bb-0\" id=\"scroll-horizontal-wrapper\" ><div id=\"pgc-w693c21b9349bb-0-0\"  class=\"panel-grid-cell\" ><div id=\"panel-w693c21b9349bb-0-0-0\" class=\"so-panel widget widget_sow-image panel-first-child\" data-index=\"0\" ><div class=\"panel-widget-style panel-widget-style-for-w693c21b9349bb-0-0-0\" ><div\n\t\t\t\n\t\t\tclass=\"so-widget-sow-image so-widget-sow-image-default-8b5b6f678277\"\n\t\t\t\n\t\t>\n\n<div class=\"sow-image-container\">\n\t\t<img loading=\"lazy\" decoding=\"async\" src=\"https:\/\/surer.ch\/wp-content\/uploads\/2025\/12\/minimulde_1_text_neu.png\" width=\"297\" height=\"261\" sizes=\"auto, (max-width: 297px) 100vw, 297px\" alt=\"\" \t\tclass=\"so-widget-image\"\/>\n\t<\/div>\n\n<\/div><\/div><\/div><div id=\"panel-w693c21b9349bb-0-0-1\" class=\"so-panel widget widget_sow-image\" data-index=\"1\" ><div\n\t\t\t\n\t\t\tclass=\"so-widget-sow-image so-widget-sow-image-default-8b5b6f678277\"\n\t\t\t\n\t\t>\n\n<div class=\"sow-image-container\">\n\t\t<img loading=\"lazy\" decoding=\"async\" src=\"https:\/\/surer.ch\/wp-content\/uploads\/2025\/03\/normalmulde_4_text.jpg\" width=\"521\" height=\"202\" srcset=\"https:\/\/surer.ch\/wp-content\/uploads\/2025\/03\/normalmulde_4_text.jpg 521w, https:\/\/surer.ch\/wp-content\/uploads\/2025\/03\/normalmulde_4_text-300x116.jpg 300w\" sizes=\"auto, (max-width: 521px) 100vw, 521px\" alt=\"\" \t\tclass=\"so-widget-image\"\/>\n\t<\/div>\n\n<\/div><\/div><div id=\"panel-w693c21b9349bb-0-0-2\" class=\"so-panel widget widget_sow-image\" data-index=\"2\" ><div\n\t\t\t\n\t\t\tclass=\"so-widget-sow-image so-widget-sow-image-default-8b5b6f678277\"\n\t\t\t\n\t\t>\n\n<div class=\"sow-image-container\">\n\t\t<img loading=\"lazy\" decoding=\"async\" src=\"https:\/\/surer.ch\/wp-content\/uploads\/2025\/03\/allzweckmulde_10_text.jpg\" width=\"537\" height=\"242\" srcset=\"https:\/\/surer.ch\/wp-content\/uploads\/2025\/03\/allzweckmulde_10_text.jpg 537w, https:\/\/surer.ch\/wp-content\/uploads\/2025\/03\/allzweckmulde_10_text-300x135.jpg 300w\" sizes=\"auto, (max-width: 537px) 100vw, 537px\" alt=\"\" \t\tclass=\"so-widget-image\"\/>\n\t<\/div>\n\n<\/div><\/div><div id=\"panel-w693c21b9349bb-0-0-3\" class=\"so-panel widget widget_sow-image\" data-index=\"3\" ><div\n\t\t\t\n\t\t\tclass=\"so-widget-sow-image so-widget-sow-image-default-8b5b6f678277\"\n\t\t\t\n\t\t>\n\n<div class=\"sow-image-container\">\n\t\t<img loading=\"lazy\" decoding=\"async\" src=\"https:\/\/surer.ch\/wp-content\/uploads\/2025\/03\/deckelmulde_6_text-4.jpg\" width=\"530\" height=\"281\" srcset=\"https:\/\/surer.ch\/wp-content\/uploads\/2025\/03\/deckelmulde_6_text-4.jpg 530w, https:\/\/surer.ch\/wp-content\/uploads\/2025\/03\/deckelmulde_6_text-4-300x159.jpg 300w\" sizes=\"auto, (max-width: 530px) 100vw, 530px\" title=\"deckelmulde_6_text\" alt=\"\" \t\tclass=\"so-widget-image\"\/>\n\t<\/div>\n\n<\/div><\/div><div id=\"panel-w693c21b9349bb-0-0-4\" class=\"so-panel widget widget_sow-image\" data-index=\"4\" ><div\n\t\t\t\n\t\t\tclass=\"so-widget-sow-image so-widget-sow-image-default-8b5b6f678277\"\n\t\t\t\n\t\t>\n\n<div class=\"sow-image-container\">\n\t\t<img loading=\"lazy\" decoding=\"async\" src=\"https:\/\/surer.ch\/wp-content\/uploads\/2025\/03\/flachmulde_7_text.jpg\" width=\"546\" height=\"176\" srcset=\"https:\/\/surer.ch\/wp-content\/uploads\/2025\/03\/flachmulde_7_text.jpg 546w, https:\/\/surer.ch\/wp-content\/uploads\/2025\/03\/flachmulde_7_text-300x97.jpg 300w\" sizes=\"auto, (max-width: 546px) 100vw, 546px\" alt=\"\" \t\tclass=\"so-widget-image\"\/>\n\t<\/div>\n\n<\/div><\/div><div id=\"panel-w693c21b9349bb-0-0-5\" class=\"so-panel widget widget_sow-image\" data-index=\"5\" ><div\n\t\t\t\n\t\t\tclass=\"so-widget-sow-image so-widget-sow-image-default-8b5b6f678277\"\n\t\t\t\n\t\t>\n\n<div class=\"sow-image-container\">\n\t\t<img loading=\"lazy\" decoding=\"async\" src=\"https:\/\/surer.ch\/wp-content\/uploads\/2025\/03\/absetzpalette_text.jpg\" width=\"544\" height=\"177\" srcset=\"https:\/\/surer.ch\/wp-content\/uploads\/2025\/03\/absetzpalette_text.jpg 544w, https:\/\/surer.ch\/wp-content\/uploads\/2025\/03\/absetzpalette_text-300x98.jpg 300w\" sizes=\"auto, (max-width: 544px) 100vw, 544px\" alt=\"\" \t\tclass=\"so-widget-image\"\/>\n\t<\/div>\n\n<\/div><\/div><div id=\"panel-w693c21b9349bb-0-0-6\" class=\"so-panel widget widget_sow-image\" data-index=\"6\" ><div\n\t\t\t\n\t\t\tclass=\"so-widget-sow-image so-widget-sow-image-default-8b5b6f678277\"\n\t\t\t\n\t\t>\n\n<div class=\"sow-image-container\">\n\t\t<img loading=\"lazy\" decoding=\"async\" src=\"https:\/\/surer.ch\/wp-content\/uploads\/2025\/03\/abrollmulde_11_text.jpg\" width=\"549\" height=\"199\" srcset=\"https:\/\/surer.ch\/wp-content\/uploads\/2025\/03\/abrollmulde_11_text.jpg 549w, https:\/\/surer.ch\/wp-content\/uploads\/2025\/03\/abrollmulde_11_text-300x109.jpg 300w\" sizes=\"auto, (max-width: 549px) 100vw, 549px\" alt=\"\" \t\tclass=\"so-widget-image\"\/>\n\t<\/div>\n\n<\/div><\/div><div id=\"panel-w693c21b9349bb-0-0-7\" class=\"so-panel widget widget_sow-image\" data-index=\"7\" ><div\n\t\t\t\n\t\t\tclass=\"so-widget-sow-image so-widget-sow-image-default-8b5b6f678277\"\n\t\t\t\n\t\t>\n\n<div class=\"sow-image-container\">\n\t\t<img loading=\"lazy\" decoding=\"async\" src=\"https:\/\/surer.ch\/wp-content\/uploads\/2025\/03\/abrollmulde_20_text.jpg\" width=\"549\" height=\"210\" srcset=\"https:\/\/surer.ch\/wp-content\/uploads\/2025\/03\/abrollmulde_20_text.jpg 549w, https:\/\/surer.ch\/wp-content\/uploads\/2025\/03\/abrollmulde_20_text-300x115.jpg 300w\" sizes=\"auto, (max-width: 549px) 100vw, 549px\" alt=\"\" \t\tclass=\"so-widget-image\"\/>\n\t<\/div>\n\n<\/div><\/div><div id=\"panel-w693c21b9349bb-0-0-8\" class=\"so-panel widget widget_sow-image\" data-index=\"8\" ><div\n\t\t\t\n\t\t\tclass=\"so-widget-sow-image so-widget-sow-image-default-8b5b6f678277\"\n\t\t\t\n\t\t>\n\n<div class=\"sow-image-container\">\n\t\t<img loading=\"lazy\" decoding=\"async\" src=\"https:\/\/surer.ch\/wp-content\/uploads\/2025\/03\/abrollcontainer_40_text.jpg\" width=\"542\" height=\"252\" srcset=\"https:\/\/surer.ch\/wp-content\/uploads\/2025\/03\/abrollcontainer_40_text.jpg 542w, https:\/\/surer.ch\/wp-content\/uploads\/2025\/03\/abrollcontainer_40_text-300x139.jpg 300w\" sizes=\"auto, (max-width: 542px) 100vw, 542px\" alt=\"\" \t\tclass=\"so-widget-image\"\/>\n\t<\/div>\n\n<\/div><\/div><div id=\"panel-w693c21b9349bb-0-0-9\" class=\"so-panel widget widget_sow-image\" data-index=\"9\" ><div\n\t\t\t\n\t\t\tclass=\"so-widget-sow-image so-widget-sow-image-default-8b5b6f678277\"\n\t\t\t\n\t\t>\n\n<div class=\"sow-image-container\">\n\t\t<img loading=\"lazy\" decoding=\"async\" src=\"https:\/\/surer.ch\/wp-content\/uploads\/2025\/03\/abrollpalette_text.jpg\" width=\"557\" height=\"197\" srcset=\"https:\/\/surer.ch\/wp-content\/uploads\/2025\/03\/abrollpalette_text.jpg 557w, https:\/\/surer.ch\/wp-content\/uploads\/2025\/03\/abrollpalette_text-300x106.jpg 300w\" sizes=\"auto, (max-width: 557px) 100vw, 557px\" alt=\"\" \t\tclass=\"so-widget-image\"\/>\n\t<\/div>\n\n<\/div><\/div><div id=\"panel-w693c21b9349bb-0-0-10\" class=\"so-panel widget widget_sow-image panel-last-child\" data-index=\"10\" ><div\n\t\t\t\n\t\t\tclass=\"so-widget-sow-image so-widget-sow-image-default-8b5b6f678277\"\n\t\t\t\n\t\t>\n\n<div class=\"sow-image-container\">\n\t\t<img loading=\"lazy\" decoding=\"async\" src=\"https:\/\/surer.ch\/wp-content\/uploads\/2025\/03\/zweikammersilo_text-1.jpg\" width=\"545\" height=\"210\" srcset=\"https:\/\/surer.ch\/wp-content\/uploads\/2025\/03\/zweikammersilo_text-1.jpg 545w, https:\/\/surer.ch\/wp-content\/uploads\/2025\/03\/zweikammersilo_text-1-300x116.jpg 300w\" sizes=\"auto, (max-width: 545px) 100vw, 545px\" title=\"zweikammersilo_text\" alt=\"\" \t\tclass=\"so-widget-image\"\/>\n\t<\/div>\n\n<\/div><\/div><\/div><\/div><\/div><\/div><\/div><\/div><\/div><\/div><div id=\"pg-510-2\"  class=\"panel-grid panel-has-style\" ><div class=\"service-grid grid-4 light  animate panel-row-style panel-row-style-for-510-2\" ><div id=\"pgc-510-2-0\"  class=\"panel-grid-cell\" ><div id=\"panel-510-2-0-0\" class=\"so-panel widget widget_sow-image panel-first-child\" data-index=\"3\" ><div\n\t\t\t\n\t\t\tclass=\"so-widget-sow-image so-widget-sow-image-default-8b5b6f678277-510\"\n\t\t\t\n\t\t>\n\n<div class=\"sow-image-container\">\n\t\t<img loading=\"lazy\" decoding=\"async\" src=\"https:\/\/surer.ch\/wp-content\/uploads\/2025\/03\/Surer1287_stuerzende-linien-2-1.jpg\" width=\"2500\" height=\"1667\" srcset=\"https:\/\/surer.ch\/wp-content\/uploads\/2025\/03\/Surer1287_stuerzende-linien-2-1.jpg 2500w, https:\/\/surer.ch\/wp-content\/uploads\/2025\/03\/Surer1287_stuerzende-linien-2-1-300x200.jpg 300w, https:\/\/surer.ch\/wp-content\/uploads\/2025\/03\/Surer1287_stuerzende-linien-2-1-1024x683.jpg 1024w, https:\/\/surer.ch\/wp-content\/uploads\/2025\/03\/Surer1287_stuerzende-linien-2-1-768x512.jpg 768w, https:\/\/surer.ch\/wp-content\/uploads\/2025\/03\/Surer1287_stuerzende-linien-2-1-1536x1024.jpg 1536w, https:\/\/surer.ch\/wp-content\/uploads\/2025\/03\/Surer1287_stuerzende-linien-2-1-2048x1366.jpg 2048w, https:\/\/surer.ch\/wp-content\/uploads\/2025\/03\/Surer1287_stuerzende-linien-2-1-600x400.jpg 600w\" sizes=\"auto, (max-width: 2500px) 100vw, 2500px\" title=\"Surer1287_st\u00fcrzende linien 2\" alt=\"\" \t\tclass=\"so-widget-image\"\/>\n\t<\/div>\n\n<\/div><\/div><div id=\"panel-510-2-0-1\" class=\"so-panel widget widget_sow-image\" data-index=\"4\" ><div\n\t\t\t\n\t\t\tclass=\"so-widget-sow-image so-widget-sow-image-default-8b5b6f678277-510\"\n\t\t\t\n\t\t>\n\n<div class=\"sow-image-container\">\n\t\t<img loading=\"lazy\" decoding=\"async\" src=\"https:\/\/surer.ch\/wp-content\/uploads\/2025\/03\/surer_mulden_2000x2000_1.jpg\" width=\"2000\" height=\"2000\" srcset=\"https:\/\/surer.ch\/wp-content\/uploads\/2025\/03\/surer_mulden_2000x2000_1.jpg 2000w, https:\/\/surer.ch\/wp-content\/uploads\/2025\/03\/surer_mulden_2000x2000_1-300x300.jpg 300w, https:\/\/surer.ch\/wp-content\/uploads\/2025\/03\/surer_mulden_2000x2000_1-1024x1024.jpg 1024w, https:\/\/surer.ch\/wp-content\/uploads\/2025\/03\/surer_mulden_2000x2000_1-150x150.jpg 150w, https:\/\/surer.ch\/wp-content\/uploads\/2025\/03\/surer_mulden_2000x2000_1-768x768.jpg 768w, https:\/\/surer.ch\/wp-content\/uploads\/2025\/03\/surer_mulden_2000x2000_1-1536x1536.jpg 1536w, https:\/\/surer.ch\/wp-content\/uploads\/2025\/03\/surer_mulden_2000x2000_1-600x600.jpg 600w, https:\/\/surer.ch\/wp-content\/uploads\/2025\/03\/surer_mulden_2000x2000_1-100x100.jpg 100w\" sizes=\"auto, (max-width: 2000px) 100vw, 2000px\" alt=\"\" \t\tclass=\"so-widget-image\"\/>\n\t<\/div>\n\n<\/div><\/div><div id=\"panel-510-2-0-2\" class=\"so-panel widget widget_sow-image panel-last-child\" data-index=\"5\" ><div\n\t\t\t\n\t\t\tclass=\"so-widget-sow-image so-widget-sow-image-default-8b5b6f678277-510\"\n\t\t\t\n\t\t>\n\n<div class=\"sow-image-container\">\n\t\t<img loading=\"lazy\" decoding=\"async\" src=\"https:\/\/surer.ch\/wp-content\/uploads\/2025\/03\/surer_mulden_2000x2000_2.jpg\" width=\"2000\" height=\"2000\" srcset=\"https:\/\/surer.ch\/wp-content\/uploads\/2025\/03\/surer_mulden_2000x2000_2.jpg 2000w, https:\/\/surer.ch\/wp-content\/uploads\/2025\/03\/surer_mulden_2000x2000_2-300x300.jpg 300w, https:\/\/surer.ch\/wp-content\/uploads\/2025\/03\/surer_mulden_2000x2000_2-1024x1024.jpg 1024w, https:\/\/surer.ch\/wp-content\/uploads\/2025\/03\/surer_mulden_2000x2000_2-150x150.jpg 150w, https:\/\/surer.ch\/wp-content\/uploads\/2025\/03\/surer_mulden_2000x2000_2-768x768.jpg 768w, https:\/\/surer.ch\/wp-content\/uploads\/2025\/03\/surer_mulden_2000x2000_2-1536x1536.jpg 1536w, https:\/\/surer.ch\/wp-content\/uploads\/2025\/03\/surer_mulden_2000x2000_2-600x600.jpg 600w, https:\/\/surer.ch\/wp-content\/uploads\/2025\/03\/surer_mulden_2000x2000_2-100x100.jpg 100w\" sizes=\"auto, (max-width: 2000px) 100vw, 2000px\" alt=\"\" \t\tclass=\"so-widget-image\"\/>\n\t<\/div>\n\n<\/div><\/div><\/div><\/div><\/div><div id=\"pg-510-3\"  class=\"panel-grid panel-has-style\" ><div class=\"content-section light  animate panel-row-style panel-row-style-for-510-3\" id=\"mulden-cta-home\" ><div id=\"pgc-510-3-0\"  class=\"panel-grid-cell\" ><div id=\"panel-510-3-0-0\" class=\"so-panel widget widget_sow-editor panel-first-child panel-last-child\" data-index=\"6\" ><div\n\t\t\t\n\t\t\tclass=\"so-widget-sow-editor so-widget-sow-editor-base\"\n\t\t\t\n\t\t>\n<div class=\"siteorigin-widget-tinymce textwidget\">\n\t<h3>Commandez simplement vos bennes en ligne.<\/h3>\n<p>Notre gamme de bennes s'\u00e9tend de la mini-benne de 1 m\u00b3 au conteneur \u00e0 d\u00e9chets de 40 m\u00b3. Nos bennes peuvent contenir des mat\u00e9riaux de construction min\u00e9raux et des d\u00e9chets de toutes sortes. Avec une flotte d'environ 25 camions \u00e0 benne, nous sommes flexibles et pouvons intervenir rapidement sur votre site.<\/p>\n<h4>Vous commandez, nous livrons, r\u00e9cup\u00e9rons et nous occupons de l'\u00e9limination dans les r\u00e8gles de l'art.<\/h4>\n<p><a class=\"big-more-btn\" href=\"\/mulde-bestellen\">Commander une benne en ligne<\/a><\/p>\n<\/div>\n<\/div><\/div><\/div><div id=\"pgc-510-3-1\"  class=\"panel-grid-cell\" ><div id=\"panel-510-3-1-0\" class=\"so-panel widget widget_sow-image panel-first-child panel-last-child\" data-index=\"7\" ><div\n\t\t\t\n\t\t\tclass=\"so-widget-sow-image so-widget-sow-image-default-8b5b6f678277-510\"\n\t\t\t\n\t\t>\n\n<div class=\"sow-image-container\">\n\t\t<img loading=\"lazy\" decoding=\"async\" src=\"https:\/\/surer.ch\/wp-content\/uploads\/2024\/10\/img_2865.1600x0.jpg\" width=\"1600\" height=\"1298\" srcset=\"https:\/\/surer.ch\/wp-content\/uploads\/2024\/10\/img_2865.1600x0.jpg 1600w, https:\/\/surer.ch\/wp-content\/uploads\/2024\/10\/img_2865.1600x0-300x243.jpg 300w, https:\/\/surer.ch\/wp-content\/uploads\/2024\/10\/img_2865.1600x0-600x487.jpg 600w, https:\/\/surer.ch\/wp-content\/uploads\/2024\/10\/img_2865.1600x0-1024x831.jpg 1024w, https:\/\/surer.ch\/wp-content\/uploads\/2024\/10\/img_2865.1600x0-768x623.jpg 768w, https:\/\/surer.ch\/wp-content\/uploads\/2024\/10\/img_2865.1600x0-1536x1246.jpg 1536w\" sizes=\"auto, (max-width: 1600px) 100vw, 1600px\" title=\"img_2865.1600&#215;0\" alt=\"\" \t\tclass=\"so-widget-image\"\/>\n\t<\/div>\n\n<\/div><\/div><\/div><\/div><\/div><div id=\"pg-510-4\"  class=\"panel-grid panel-has-style\" ><div class=\"content-section no-pb light ap-section  animate panel-row-style panel-row-style-for-510-4\" ><div id=\"pgc-510-4-0\"  class=\"panel-grid-cell\" ><div id=\"panel-510-4-0-0\" class=\"so-panel widget widget_sow-editor panel-first-child panel-last-child\" data-index=\"8\" ><div\n\t\t\t\n\t\t\tclass=\"so-widget-sow-editor so-widget-sow-editor-base\"\n\t\t\t\n\t\t>\n<div class=\"siteorigin-widget-tinymce textwidget\">\n\t<h3>Votre interlocuteur pour le secteur des bennes.<\/h3>\n<h4>Andreas Zeller se fera un plaisir<br \/>\nde r\u00e9pondre \u00e0 votre demande.<\/h4>\n<h4>T\u00e9l. direct : <a href=\"tel:+41618232460\">+41 61 823 24 60<\/a><\/h4>\n<p><a class=\"big-more-btn\" href=\"\/fr\/contact\">Prendre rendez-vous pour une consultation<\/a><\/p>\n<\/div>\n<\/div><\/div><\/div><div id=\"pgc-510-4-1\"  class=\"panel-grid-cell\" ><div id=\"panel-510-4-1-0\" class=\"so-panel widget widget_sow-image panel-first-child panel-last-child\" data-index=\"9\" ><div\n\t\t\t\n\t\t\tclass=\"so-widget-sow-image so-widget-sow-image-default-8b5b6f678277-510\"\n\t\t\t\n\t\t>\n\n<div class=\"sow-image-container\">\n\t\t<img loading=\"lazy\" decoding=\"async\" src=\"https:\/\/surer.ch\/wp-content\/uploads\/2025\/03\/andreas_zeller-1.png\" width=\"1222\" height=\"1100\" srcset=\"https:\/\/surer.ch\/wp-content\/uploads\/2025\/03\/andreas_zeller-1.png 1222w, https:\/\/surer.ch\/wp-content\/uploads\/2025\/03\/andreas_zeller-1-300x270.png 300w, https:\/\/surer.ch\/wp-content\/uploads\/2025\/03\/andreas_zeller-1-1024x922.png 1024w, https:\/\/surer.ch\/wp-content\/uploads\/2025\/03\/andreas_zeller-1-768x691.png 768w, https:\/\/surer.ch\/wp-content\/uploads\/2025\/03\/andreas_zeller-1-600x540.png 600w\" sizes=\"auto, (max-width: 1222px) 100vw, 1222px\" title=\"andreas_zeller\" alt=\"\" \t\tclass=\"so-widget-image\"\/>\n\t<\/div>\n\n<\/div><\/div><\/div><\/div><\/div><\/div>","protected":false},"excerpt":{"rendered":"<p>Bennes \u00e0 la carte. Nous sommes les sp\u00e9cialistes des bennes ! La flexibilit\u00e9 et la proximit\u00e9 avec nos&#8230;<\/p>\n","protected":false},"author":1,"featured_media":0,"parent":0,"menu_order":0,"comment_status":"closed","ping_status":"closed","template":"","meta":{"footnotes":""},"class_list":["post-510","page","type-page","status-publish","hentry"],"_links":{"self":[{"href":"https:\/\/surer.ch\/fr\/wp-json\/wp\/v2\/pages\/510","targetHints":{"allow":["GET"]}}],"collection":[{"href":"https:\/\/surer.ch\/fr\/wp-json\/wp\/v2\/pages"}],"about":[{"href":"https:\/\/surer.ch\/fr\/wp-json\/wp\/v2\/types\/page"}],"author":[{"embeddable":true,"href":"https:\/\/surer.ch\/fr\/wp-json\/wp\/v2\/users\/1"}],"replies":[{"embeddable":true,"href":"https:\/\/surer.ch\/fr\/wp-json\/wp\/v2\/comments?post=510"}],"version-history":[{"count":139,"href":"https:\/\/surer.ch\/fr\/wp-json\/wp\/v2\/pages\/510\/revisions"}],"predecessor-version":[{"id":2376,"href":"https:\/\/surer.ch\/fr\/wp-json\/wp\/v2\/pages\/510\/revisions\/2376"}],"wp:attachment":[{"href":"https:\/\/surer.ch\/fr\/wp-json\/wp\/v2\/media?parent=510"}],"curies":[{"name":"wp","href":"https:\/\/api.w.org\/{rel}","templated":true}]}}