{"id":743,"date":"2025-02-24T20:26:46","date_gmt":"2025-02-24T20:26:46","guid":{"rendered":"https:\/\/blissful-davinci.92-205-237-139.plesk.page\/?page_id=743"},"modified":"2025-12-17T10:39:44","modified_gmt":"2025-12-17T10:39:44","slug":"impressum","status":"publish","type":"page","link":"https:\/\/surer.ch\/fr\/impressum\/","title":{"rendered":"Mentions l\u00e9gales"},"content":{"rendered":"<div id=\"pl-743\"  class=\"panel-layout\" ><div id=\"pg-743-0\"  class=\"panel-grid panel-has-style\" ><div class=\"content-section light animate panel-row-style panel-row-style-for-743-0\" id=\"sub-hero\" ><div id=\"pgc-743-0-0\"  class=\"panel-grid-cell\" ><div id=\"panel-743-0-0-0\" class=\"so-panel widget widget_sow-editor panel-first-child panel-last-child\" data-index=\"0\" ><div class=\"small-text panel-widget-style panel-widget-style-for-743-0-0-0\" ><div\n\t\t\t\n\t\t\tclass=\"so-widget-sow-editor so-widget-sow-editor-base\"\n\t\t\t\n\t\t>\n<div class=\"siteorigin-widget-tinymce textwidget\">\n\t<h1><strong data-start=\"282\" data-end=\"302\">Mentions l\u00e9gales<\/strong><\/h1>\n<p><strong>Surer Kipper Transport AG<\/strong><br \/>\nWannenweg 26<br \/>\nCH-4133 Pratteln<br \/>\nFon +41 61 823 24 44<br \/>\nFax\u00a0 +41 61 823 24 40<br \/>\n<a href=\"mailto:info@surer.ch\">info@surer.ch<\/a><br \/>\n<a href=\"http:\/\/www.surer.ch\">www.surer.ch<\/a><\/p>\n<p><strong>Gesch\u00e4ftsleitung:<\/strong><\/p>\n<p>Timo Haevel<\/p>\n<p><strong>T\u00e4tigkeit \/ Zweck:<\/strong><\/p>\n<p>Surer Kipper Transport AG bietet L\u00f6sungen f\u00fcr die verschiedensten Bereiche des modernen\u00a0Sch\u00fcttgut-Transports an.<\/p>\n<p>Handelsregister: Kanton Basel-Landschaft. MWST-Nr: CHE-108.199.058<br \/>\nInhaltlich Verantwortlicher: Timo Haevel<\/p>\n<p><strong>Layout-Design\/Programmierung:<\/strong> <a href=\"https:\/\/www.rampenlichtagentur.ch\" target=\"_blank\" rel=\"noopener\">Rampenlichtagentur<\/a><\/p>\n<p>Haftungshinweis: Trotz sorgf\u00e4ltiger inhaltlicher Kontrolle \u00fcbernehmen wir keine Haftung f\u00fcr die Inhalte externer Links. F\u00fcr den Inhalt der verlinkten Seiten sind ausschliesslich deren Betreiber verantwortlich.<br \/>\n\u00a9 2020\u00a0bei\u00a0Surer Kipper Transport\u00a0AG. Alle Rechte vorbehalten. Nachdruck, auch auszugsweise, Aufnahme in online-Dienste und Internet sowie Vervielf\u00e4ltigung auf Datentr\u00e4ger, wie CD-ROM, DVD-ROM etc., nur nach unserer vorherigen, schriftlichen Genehmigung gestattet.<\/p>\n<\/div>\n<\/div><\/div><\/div><\/div><\/div><\/div><\/div>","protected":false},"excerpt":{"rendered":"<p>Mentions l\u00e9gales Surer Kipper Transport AG Wannenweg 26 CH-4133 Pratteln Fon +41 61 823 24 44 Fax\u00a0 +41&#8230;<\/p>\n","protected":false},"author":1,"featured_media":0,"parent":0,"menu_order":0,"comment_status":"closed","ping_status":"closed","template":"","meta":{"footnotes":""},"class_list":["post-743","page","type-page","status-publish","hentry"],"_links":{"self":[{"href":"https:\/\/surer.ch\/fr\/wp-json\/wp\/v2\/pages\/743","targetHints":{"allow":["GET"]}}],"collection":[{"href":"https:\/\/surer.ch\/fr\/wp-json\/wp\/v2\/pages"}],"about":[{"href":"https:\/\/surer.ch\/fr\/wp-json\/wp\/v2\/types\/page"}],"author":[{"embeddable":true,"href":"https:\/\/surer.ch\/fr\/wp-json\/wp\/v2\/users\/1"}],"replies":[{"embeddable":true,"href":"https:\/\/surer.ch\/fr\/wp-json\/wp\/v2\/comments?post=743"}],"version-history":[{"count":6,"href":"https:\/\/surer.ch\/fr\/wp-json\/wp\/v2\/pages\/743\/revisions"}],"predecessor-version":[{"id":2368,"href":"https:\/\/surer.ch\/fr\/wp-json\/wp\/v2\/pages\/743\/revisions\/2368"}],"wp:attachment":[{"href":"https:\/\/surer.ch\/fr\/wp-json\/wp\/v2\/media?parent=743"}],"curies":[{"name":"wp","href":"https:\/\/api.w.org\/{rel}","templated":true}]}}